{"id":36,"date":"2024-09-13T03:58:01","date_gmt":"2024-09-13T01:58:01","guid":{"rendered":"https:\/\/www.waahnsinnsgestaltungen.com\/wturm\/?page_id=36"},"modified":"2025-01-16T00:32:27","modified_gmt":"2025-01-15T23:32:27","slug":"startseite","status":"publish","type":"page","link":"https:\/\/www.vito-rothenburg.de\/english\/","title":{"rendered":"Home"},"content":{"rendered":"<div data-elementor-type=\"wp-page\" data-elementor-id=\"36\" class=\"elementor elementor-36\">\n\t\t\t\t<div class=\"elementor-element elementor-element-772ff75 e-con-full e-flex e-con e-parent\" data-id=\"772ff75\" data-element_type=\"container\" data-e-type=\"container\" data-settings=\"{&quot;background_background&quot;:&quot;classic&quot;}\">\n\t\t\t\t<div class=\"elementor-element elementor-element-b58f900 elementor-widget elementor-widget-shortcode\" data-id=\"b58f900\" data-element_type=\"widget\" data-e-type=\"widget\" data-widget_type=\"shortcode.default\">\n\t\t\t\t<div class=\"elementor-widget-container\">\n\t\t\t\t\t\t\t<div class=\"elementor-shortcode\"><div id=\"metaslider-id-364\" style=\"width: 100%; margin: 0 auto;\" class=\"ml-slider-3-108-0 metaslider metaslider-flex metaslider-364 ml-slider ms-theme-cubic nav-hidden\" role=\"region\" aria-label=\"New Slideshow\" data-height=\"1000\" data-width=\"2000\">\n    <div id=\"metaslider_container_364\">\n        <div id=\"metaslider_364\">\n            <ul class='slides'>\n                <li style=\"display: block; width: 100%;\" class=\"slide-367 ms-image\" aria-roledescription=\"slide\" data-date=\"2024-09-15 19:40:53\" data-filename=\"BM2B4356-1-2000x1000.jpg\" data-slide-type=\"image\"><img fetchpriority=\"high\" decoding=\"async\" src=\"https:\/\/www.vito-rothenburg.de\/wp-content\/uploads\/2024\/09\/BM2B4356-1-2000x1000.jpg\" height=\"1000\" width=\"2000\" alt=\"\" class=\"slider-364 slide-367 msDefaultImage\" title=\"BM2B4356\" \/><\/li>\n                <li style=\"display: none; width: 100%;\" class=\"slide-365 ms-image\" aria-roledescription=\"slide\" data-date=\"2024-09-15 19:40:53\" data-filename=\"IMG_5657-HDR-2000x1000.jpg\" data-slide-type=\"image\"><img decoding=\"async\" src=\"https:\/\/www.vito-rothenburg.de\/wp-content\/uploads\/2024\/09\/IMG_5657-HDR-2000x1000.jpg\" height=\"1000\" width=\"2000\" alt=\"\" class=\"slider-364 slide-365 msDefaultImage\" title=\"IMG_5657-HDR\" \/><\/li>\n                <li style=\"display: none; width: 100%;\" class=\"slide-366 ms-image\" aria-roledescription=\"slide\" data-date=\"2024-09-15 19:40:53\" data-filename=\"BM2B4359-2000x1000.jpg\" data-slide-type=\"image\"><img decoding=\"async\" src=\"https:\/\/www.vito-rothenburg.de\/wp-content\/uploads\/2024\/09\/BM2B4359-2000x1000.jpg\" height=\"1000\" width=\"2000\" alt=\"\" class=\"slider-364 slide-366 msDefaultImage\" title=\"BM2B4359\" \/><\/li>\n                <li style=\"display: none; width: 100%;\" class=\"slide-368 ms-image\" aria-roledescription=\"slide\" data-date=\"2024-09-15 19:40:53\" data-filename=\"BM2B4401-HDR-2000x1000.jpg\" data-slide-type=\"image\"><img loading=\"lazy\" decoding=\"async\" src=\"https:\/\/www.vito-rothenburg.de\/wp-content\/uploads\/2024\/09\/BM2B4401-HDR-2000x1000.jpg\" height=\"1000\" width=\"2000\" alt=\"\" class=\"slider-364 slide-368 msDefaultImage\" title=\"BM2B4401-HDR\" \/><\/li>\n            <\/ul>\n        <\/div>\n        \n    <\/div>\n<\/div><\/div>\n\t\t\t\t\t\t<\/div>\n\t\t\t\t<\/div>\n\t\t\t\t<\/div>\n\t\t<div class=\"elementor-element elementor-element-241562c e-con-full e-flex e-con e-parent\" data-id=\"241562c\" data-element_type=\"container\" data-e-type=\"container\" data-settings=\"{&quot;background_background&quot;:&quot;classic&quot;}\">\n\t\t\t\t<div class=\"elementor-element elementor-element-7dc74e5 elementor-widget elementor-widget-spacer\" data-id=\"7dc74e5\" data-element_type=\"widget\" data-e-type=\"widget\" data-widget_type=\"spacer.default\">\n\t\t\t\t<div class=\"elementor-widget-container\">\n\t\t\t\t\t\t\t<div class=\"elementor-spacer\">\n\t\t\t<div class=\"elementor-spacer-inner\"><\/div>\n\t\t<\/div>\n\t\t\t\t\t\t<\/div>\n\t\t\t\t<\/div>\n\t\t\t\t<\/div>\n\t\t<div class=\"elementor-element elementor-element-4305bb6 e-flex e-con-boxed e-con e-parent\" data-id=\"4305bb6\" data-element_type=\"container\" data-e-type=\"container\" data-settings=\"{&quot;background_background&quot;:&quot;classic&quot;}\">\n\t\t\t\t\t<div class=\"e-con-inner\">\n\t\t\t\t<div class=\"elementor-element elementor-element-82558b4 elementor-widget elementor-widget-heading\" data-id=\"82558b4\" data-element_type=\"widget\" data-e-type=\"widget\" data-widget_type=\"heading.default\">\n\t\t\t\t<div class=\"elementor-widget-container\">\n\t\t\t\t\t<h1 class=\"elementor-heading-title elementor-size-default\">Welcome to the Vito<\/h1>\t\t\t\t<\/div>\n\t\t\t\t<\/div>\n\t\t\t\t<div class=\"elementor-element elementor-element-2f20079 elementor-widget elementor-widget-text-editor\" data-id=\"2f20079\" data-element_type=\"widget\" data-e-type=\"widget\" data-widget_type=\"text-editor.default\">\n\t\t\t\t<div class=\"elementor-widget-container\">\n\t\t\t\t\t\t\t\t\t<p>Treat yourself to a few pleasant hours and enjoy Mediterranean specialities in a cosy atmosphere, in the middle of the famous town of Rothenburg ob der Tauber. For the big and also small hunger we offer you fine meals from our menu.<\/p><p><em>We wish you already now a good appetite.<\/em><\/p>\t\t\t\t\t\t\t\t<\/div>\n\t\t\t\t<\/div>\n\t\t\t\t\t<\/div>\n\t\t\t\t<\/div>\n\t\t<div class=\"elementor-element elementor-element-eff475f e-con-full e-flex e-con e-parent\" data-id=\"eff475f\" data-element_type=\"container\" data-e-type=\"container\" data-settings=\"{&quot;background_background&quot;:&quot;classic&quot;}\">\n\t\t\t\t<div class=\"elementor-element elementor-element-bd9f9a7 elementor-widget elementor-widget-spacer\" data-id=\"bd9f9a7\" data-element_type=\"widget\" data-e-type=\"widget\" data-widget_type=\"spacer.default\">\n\t\t\t\t<div class=\"elementor-widget-container\">\n\t\t\t\t\t\t\t<div class=\"elementor-spacer\">\n\t\t\t<div class=\"elementor-spacer-inner\"><\/div>\n\t\t<\/div>\n\t\t\t\t\t\t<\/div>\n\t\t\t\t<\/div>\n\t\t\t\t<\/div>\n\t\t<div class=\"elementor-element elementor-element-3a7ed92 e-flex e-con-boxed e-con e-parent\" data-id=\"3a7ed92\" data-element_type=\"container\" data-e-type=\"container\" data-settings=\"{&quot;background_background&quot;:&quot;classic&quot;}\">\n\t\t\t\t\t<div class=\"e-con-inner\">\n\t\t<div class=\"elementor-element elementor-element-9c24745 e-con-full e-flex e-con e-child\" data-id=\"9c24745\" data-element_type=\"container\" data-e-type=\"container\">\n\t\t\t\t<div class=\"elementor-element elementor-element-a2e924f elementor-widget elementor-widget-video\" data-id=\"a2e924f\" data-element_type=\"widget\" data-e-type=\"widget\" data-settings=\"{&quot;video_type&quot;:&quot;hosted&quot;,&quot;controls&quot;:&quot;yes&quot;}\" data-widget_type=\"video.default\">\n\t\t\t\t<div class=\"elementor-widget-container\">\n\t\t\t\t\t\t\t<div class=\"e-hosted-video elementor-wrapper elementor-open-inline\">\n\t\t\t\t\t<video class=\"elementor-video\" src=\"https:\/\/www.vito-rothenburg.de\/wp-content\/uploads\/2024\/09\/IMG_4260_1.mp4\" controls=\"\" preload=\"metadata\" controlslist=\"nodownload\" poster=\"https:\/\/www.vito-rothenburg.de\/wp-content\/uploads\/2024\/09\/IMG_4260.00_00_03_10.Standbild001.jpg\"><\/video>\n\t\t\t\t<\/div>\n\t\t\t\t\t\t<\/div>\n\t\t\t\t<\/div>\n\t\t\t\t<\/div>\n\t\t<div class=\"elementor-element elementor-element-1796ab6 e-con-full e-flex e-con e-child\" data-id=\"1796ab6\" data-element_type=\"container\" data-e-type=\"container\">\n\t\t\t\t<div class=\"elementor-element elementor-element-eedf573 elementor-widget elementor-widget-shortcode\" data-id=\"eedf573\" data-element_type=\"widget\" data-e-type=\"widget\" data-widget_type=\"shortcode.default\">\n\t\t\t\t<div class=\"elementor-widget-container\">\n\t\t\t\t\t\t\t<div class=\"elementor-shortcode\">    <div class=\"exggmap-wrapper is-style-wide\" style=\"aspect-ratio:16 \/ 9\">\r\n      <div class=\"exggmap-mask\" style=\"background-color: #b7b7b7; color:#fff\">\r\n        <div class=\"exggmap-mask-content\">\r\n        <p class=\"exggmap-caption\">GDPR MAP<\/p>\r\n            <button style=\"color: #fff; background-color: #dd9933; border-color: #fff\"  id=\"exggmap-btn\">Load Map *<\/button>\r\n        <\/div>\r\n              <\/div>\r\n      <iframe\r\n        data-src=\"https:\/\/www.google.com\/maps\/embed?pb=!1m16!1m12!1m3!1d3001.163937252014!2d10.179810071503844!3d49.378316765806666!2m3!1f0!2f0!3f0!3m2!1i1024!2i768!4f13.1!2m1!1sparken!5e0!3m2!1sde!2sde!4v1591715759207!5m2!1sde!2sde\"\r\n        frameborder=\"0\"\r\n        allowfullscreen=\"\"\r\n        aria-hidden=\"false\"\r\n        tabindex=\"0\">\r\n      <\/iframe>\r\n    <\/div>\r\n    <p class=\"exampp-hints\">\r\n    * By loading the map you accept the privacy policy of Google.      <a\r\n        target=\"_blank\"\r\n        rel=\"noopener noreferrer\"\r\n        href=\"https:\/\/policies.google.com\/privacy?hl=en\">learn more<\/a>\r\n    <\/p>\r\n\t\n\n<\/div>\n\t\t\t\t\t\t<\/div>\n\t\t\t\t<\/div>\n\t\t\t\t<\/div>\n\t\t\t\t\t<\/div>\n\t\t\t\t<\/div>\n\t\t<div class=\"elementor-element elementor-element-9dbc76d e-con-full e-flex e-con e-parent\" data-id=\"9dbc76d\" data-element_type=\"container\" data-e-type=\"container\" data-settings=\"{&quot;background_background&quot;:&quot;classic&quot;}\">\n\t\t\t\t<div class=\"elementor-element elementor-element-9d2ea3c elementor-widget elementor-widget-spacer\" data-id=\"9d2ea3c\" data-element_type=\"widget\" data-e-type=\"widget\" data-widget_type=\"spacer.default\">\n\t\t\t\t<div class=\"elementor-widget-container\">\n\t\t\t\t\t\t\t<div class=\"elementor-spacer\">\n\t\t\t<div class=\"elementor-spacer-inner\"><\/div>\n\t\t<\/div>\n\t\t\t\t\t\t<\/div>\n\t\t\t\t<\/div>\n\t\t\t\t<\/div>\n\t\t\t\t<\/div>","protected":false},"excerpt":{"rendered":"<p>Herzlich willkommen im Vito g\u00f6nnen Sie sich ein paar sch\u00f6ne Stunden und genie\u00dfen Sie mediterrane Spezialit\u00e4ten bei gem\u00fctlichem Ambiente, inmitten der ber\u00fchmten Stadt Rothenburg ob der Tauber. F\u00fcr den gro\u00dfen und auch kleinen Hunger bieten wir Ihnen feiner Speisen aus unserer Speisekarte. Wir w\u00fcnschen Ihnen schon jetzt einen guten Appetit. https:\/\/www.vito-rothenburg.de\/wp-content\/uploads\/2024\/09\/IMG_4260_1.mp4<\/p>","protected":false},"author":1,"featured_media":0,"parent":0,"menu_order":0,"comment_status":"closed","ping_status":"closed","template":"elementor_canvas","meta":{"footnotes":""},"class_list":["post-36","page","type-page","status-publish","hentry"],"yoast_head":"<!-- This site is optimized with the Yoast SEO plugin v27.5 - https:\/\/yoast.com\/product\/yoast-seo-wordpress\/ -->\n<title>Startseite - Vito | Pizzeria<\/title>\n<meta name=\"robots\" content=\"index, follow, max-snippet:-1, max-image-preview:large, max-video-preview:-1\" \/>\n<link rel=\"canonical\" href=\"https:\/\/www.vito-rothenburg.de\/english\/\" \/>\n<meta property=\"og:locale\" content=\"en_GB\" \/>\n<meta property=\"og:type\" content=\"article\" \/>\n<meta property=\"og:title\" content=\"Startseite - Vito | Pizzeria\" \/>\n<meta property=\"og:description\" content=\"Herzlich willkommen im Vito g\u00f6nnen Sie sich ein paar sch\u00f6ne Stunden und genie\u00dfen Sie mediterrane Spezialit\u00e4ten bei gem\u00fctlichem Ambiente, inmitten der ber\u00fchmten Stadt Rothenburg ob der Tauber. F\u00fcr den gro\u00dfen und auch kleinen Hunger bieten wir Ihnen feiner Speisen aus unserer Speisekarte. Wir w\u00fcnschen Ihnen schon jetzt einen guten Appetit. https:\/\/www.vito-rothenburg.de\/wp-content\/uploads\/2024\/09\/IMG_4260_1.mp4\" \/>\n<meta property=\"og:url\" content=\"https:\/\/www.vito-rothenburg.de\/english\/\" \/>\n<meta property=\"og:site_name\" content=\"Vito | Pizzeria\" \/>\n<meta property=\"article:modified_time\" content=\"2025-01-15T23:32:27+00:00\" \/>\n<meta name=\"twitter:card\" content=\"summary_large_image\" \/>\n<meta name=\"twitter:label1\" content=\"Estimated reading time\" \/>\n\t<meta name=\"twitter:data1\" content=\"1 minute\" \/>\n<script type=\"application\/ld+json\" class=\"yoast-schema-graph\">{\"@context\":\"https:\\\/\\\/schema.org\",\"@graph\":[{\"@type\":\"WebPage\",\"@id\":\"https:\\\/\\\/www.vito-rothenburg.de\\\/\",\"url\":\"https:\\\/\\\/www.vito-rothenburg.de\\\/\",\"name\":\"Startseite - Vito | Pizzeria\",\"isPartOf\":{\"@id\":\"https:\\\/\\\/www.vito-rothenburg.de\\\/#website\"},\"datePublished\":\"2024-09-13T01:58:01+00:00\",\"dateModified\":\"2025-01-15T23:32:27+00:00\",\"breadcrumb\":{\"@id\":\"https:\\\/\\\/www.vito-rothenburg.de\\\/#breadcrumb\"},\"inLanguage\":\"en-GB\",\"potentialAction\":[{\"@type\":\"ReadAction\",\"target\":[\"https:\\\/\\\/www.vito-rothenburg.de\\\/\"]}]},{\"@type\":\"BreadcrumbList\",\"@id\":\"https:\\\/\\\/www.vito-rothenburg.de\\\/#breadcrumb\",\"itemListElement\":[{\"@type\":\"ListItem\",\"position\":1,\"name\":\"Startseite\",\"item\":\"https:\\\/\\\/www.vito-rothenburg.de\\\/\"},{\"@type\":\"ListItem\",\"position\":2,\"name\":\"Startseite\"}]},{\"@type\":\"WebSite\",\"@id\":\"https:\\\/\\\/www.vito-rothenburg.de\\\/#website\",\"url\":\"https:\\\/\\\/www.vito-rothenburg.de\\\/\",\"name\":\"Vito | Pizzeria\",\"description\":\"Rothenburg ob der Tauber\",\"publisher\":{\"@id\":\"https:\\\/\\\/www.vito-rothenburg.de\\\/#organization\"},\"potentialAction\":[{\"@type\":\"SearchAction\",\"target\":{\"@type\":\"EntryPoint\",\"urlTemplate\":\"https:\\\/\\\/www.vito-rothenburg.de\\\/?s={search_term_string}\"},\"query-input\":{\"@type\":\"PropertyValueSpecification\",\"valueRequired\":true,\"valueName\":\"search_term_string\"}}],\"inLanguage\":\"en-GB\"},{\"@type\":\"Organization\",\"@id\":\"https:\\\/\\\/www.vito-rothenburg.de\\\/#organization\",\"name\":\"Vito | Pizzeria\",\"url\":\"https:\\\/\\\/www.vito-rothenburg.de\\\/\",\"logo\":{\"@type\":\"ImageObject\",\"inLanguage\":\"en-GB\",\"@id\":\"https:\\\/\\\/www.vito-rothenburg.de\\\/#\\\/schema\\\/logo\\\/image\\\/\",\"url\":\"https:\\\/\\\/www.vito-rothenburg.de\\\/wp-content\\\/uploads\\\/2024\\\/09\\\/Logo-Header_2.png\",\"contentUrl\":\"https:\\\/\\\/www.vito-rothenburg.de\\\/wp-content\\\/uploads\\\/2024\\\/09\\\/Logo-Header_2.png\",\"width\":126,\"height\":83,\"caption\":\"Vito | Pizzeria\"},\"image\":{\"@id\":\"https:\\\/\\\/www.vito-rothenburg.de\\\/#\\\/schema\\\/logo\\\/image\\\/\"}}]}<\/script>\n<!-- \/ Yoast SEO plugin. -->","yoast_head_json":{"title":"Startseite - Vito | Pizzeria","robots":{"index":"index","follow":"follow","max-snippet":"max-snippet:-1","max-image-preview":"max-image-preview:large","max-video-preview":"max-video-preview:-1"},"canonical":"https:\/\/www.vito-rothenburg.de\/english\/","og_locale":"en_GB","og_type":"article","og_title":"Startseite - Vito | Pizzeria","og_description":"Herzlich willkommen im Vito g\u00f6nnen Sie sich ein paar sch\u00f6ne Stunden und genie\u00dfen Sie mediterrane Spezialit\u00e4ten bei gem\u00fctlichem Ambiente, inmitten der ber\u00fchmten Stadt Rothenburg ob der Tauber. F\u00fcr den gro\u00dfen und auch kleinen Hunger bieten wir Ihnen feiner Speisen aus unserer Speisekarte. Wir w\u00fcnschen Ihnen schon jetzt einen guten Appetit. https:\/\/www.vito-rothenburg.de\/wp-content\/uploads\/2024\/09\/IMG_4260_1.mp4","og_url":"https:\/\/www.vito-rothenburg.de\/english\/","og_site_name":"Vito | Pizzeria","article_modified_time":"2025-01-15T23:32:27+00:00","twitter_card":"summary_large_image","twitter_misc":{"Estimated reading time":"1 minute"},"schema":{"@context":"https:\/\/schema.org","@graph":[{"@type":"WebPage","@id":"https:\/\/www.vito-rothenburg.de\/","url":"https:\/\/www.vito-rothenburg.de\/","name":"Startseite - Vito | Pizzeria","isPartOf":{"@id":"https:\/\/www.vito-rothenburg.de\/#website"},"datePublished":"2024-09-13T01:58:01+00:00","dateModified":"2025-01-15T23:32:27+00:00","breadcrumb":{"@id":"https:\/\/www.vito-rothenburg.de\/#breadcrumb"},"inLanguage":"en-GB","potentialAction":[{"@type":"ReadAction","target":["https:\/\/www.vito-rothenburg.de\/"]}]},{"@type":"BreadcrumbList","@id":"https:\/\/www.vito-rothenburg.de\/#breadcrumb","itemListElement":[{"@type":"ListItem","position":1,"name":"Startseite","item":"https:\/\/www.vito-rothenburg.de\/"},{"@type":"ListItem","position":2,"name":"Startseite"}]},{"@type":"WebSite","@id":"https:\/\/www.vito-rothenburg.de\/#website","url":"https:\/\/www.vito-rothenburg.de\/","name":"Vito | Pizzeria","description":"Rothenburg ob der Tauber","publisher":{"@id":"https:\/\/www.vito-rothenburg.de\/#organization"},"potentialAction":[{"@type":"SearchAction","target":{"@type":"EntryPoint","urlTemplate":"https:\/\/www.vito-rothenburg.de\/?s={search_term_string}"},"query-input":{"@type":"PropertyValueSpecification","valueRequired":true,"valueName":"search_term_string"}}],"inLanguage":"en-GB"},{"@type":"Organization","@id":"https:\/\/www.vito-rothenburg.de\/#organization","name":"Vito | Pizzeria","url":"https:\/\/www.vito-rothenburg.de\/","logo":{"@type":"ImageObject","inLanguage":"en-GB","@id":"https:\/\/www.vito-rothenburg.de\/#\/schema\/logo\/image\/","url":"https:\/\/www.vito-rothenburg.de\/wp-content\/uploads\/2024\/09\/Logo-Header_2.png","contentUrl":"https:\/\/www.vito-rothenburg.de\/wp-content\/uploads\/2024\/09\/Logo-Header_2.png","width":126,"height":83,"caption":"Vito | Pizzeria"},"image":{"@id":"https:\/\/www.vito-rothenburg.de\/#\/schema\/logo\/image\/"}}]}},"_links":{"self":[{"href":"https:\/\/www.vito-rothenburg.de\/english\/wp-json\/wp\/v2\/pages\/36","targetHints":{"allow":["GET"]}}],"collection":[{"href":"https:\/\/www.vito-rothenburg.de\/english\/wp-json\/wp\/v2\/pages"}],"about":[{"href":"https:\/\/www.vito-rothenburg.de\/english\/wp-json\/wp\/v2\/types\/page"}],"author":[{"embeddable":true,"href":"https:\/\/www.vito-rothenburg.de\/english\/wp-json\/wp\/v2\/users\/1"}],"replies":[{"embeddable":true,"href":"https:\/\/www.vito-rothenburg.de\/english\/wp-json\/wp\/v2\/comments?post=36"}],"version-history":[{"count":0,"href":"https:\/\/www.vito-rothenburg.de\/english\/wp-json\/wp\/v2\/pages\/36\/revisions"}],"wp:attachment":[{"href":"https:\/\/www.vito-rothenburg.de\/english\/wp-json\/wp\/v2\/media?parent=36"}],"curies":[{"name":"wp","href":"https:\/\/api.w.org\/{rel}","templated":true}]}}