{"id":30,"date":"2024-09-13T03:56:44","date_gmt":"2024-09-13T01:56:44","guid":{"rendered":"https:\/\/www.waahnsinnsgestaltungen.com\/wturm\/?page_id=30"},"modified":"2025-10-29T14:45:24","modified_gmt":"2025-10-29T13:45:24","slug":"impressum","status":"publish","type":"page","link":"https:\/\/www.vito-rothenburg.de\/english\/impressum\/","title":{"rendered":"Imprint"},"content":{"rendered":"<div data-elementor-type=\"wp-page\" data-elementor-id=\"30\" class=\"elementor elementor-30\">\n\t\t\t\t<div class=\"elementor-element elementor-element-669802e9 e-flex e-con-boxed e-con e-parent\" data-id=\"669802e9\" data-element_type=\"container\" data-e-type=\"container\" data-settings=\"{&quot;background_background&quot;:&quot;classic&quot;}\">\n\t\t\t\t\t<div class=\"e-con-inner\">\n\t\t\t\t<div class=\"elementor-element elementor-element-3e435ee1 elementor-widget elementor-widget-ube-breadcrumbs\" data-id=\"3e435ee1\" data-element_type=\"widget\" data-e-type=\"widget\" data-widget_type=\"ube-breadcrumbs.default\">\n\t\t\t\t<div class=\"elementor-widget-container\">\n\t\t\t\t\t<nav aria-label=\"breadcrumb\">\n\t\t<ol class=\"ube-breadcrumbs breadcrumbs list-unstyled d-inline-flex flex-wrap align-items-center m-0 separator-arrow\"><li class=\"breadcrumb-item text-light\"><a href=\"https:\/\/www.vito-rothenburg.de\/english\">Home<\/a><\/li><\/ol><\/nav>\t\t\t\t<\/div>\n\t\t\t\t<\/div>\n\t\t\t\t\t<\/div>\n\t\t\t\t<\/div>\n\t\t<div class=\"elementor-element elementor-element-464aa36b e-flex e-con-boxed e-con e-parent\" data-id=\"464aa36b\" data-element_type=\"container\" data-e-type=\"container\" data-settings=\"{&quot;background_background&quot;:&quot;classic&quot;}\">\n\t\t\t\t\t<div class=\"e-con-inner\">\n\t\t\t\t<div class=\"elementor-element elementor-element-2d0540b8 elementor-widget elementor-widget-spacer\" data-id=\"2d0540b8\" data-element_type=\"widget\" data-e-type=\"widget\" data-widget_type=\"spacer.default\">\n\t\t\t\t<div class=\"elementor-widget-container\">\n\t\t\t\t\t\t\t<div class=\"elementor-spacer\">\n\t\t\t<div class=\"elementor-spacer-inner\"><\/div>\n\t\t<\/div>\n\t\t\t\t\t\t<\/div>\n\t\t\t\t<\/div>\n\t\t\t\t<div class=\"elementor-element elementor-element-33ab2745 elementor-widget elementor-widget-heading\" data-id=\"33ab2745\" data-element_type=\"widget\" data-e-type=\"widget\" data-widget_type=\"heading.default\">\n\t\t\t\t<div class=\"elementor-widget-container\">\n\t\t\t\t\t<h1 class=\"elementor-heading-title elementor-size-default\">Imprint<\/h1>\t\t\t\t<\/div>\n\t\t\t\t<\/div>\n\t\t\t\t<div class=\"elementor-element elementor-element-d32879d elementor-widget elementor-widget-text-editor\" data-id=\"d32879d\" data-element_type=\"widget\" data-e-type=\"widget\" data-widget_type=\"text-editor.default\">\n\t\t\t\t<div class=\"elementor-widget-container\">\n\t\t\t\t\t\t\t\t\t<p>Information according to \u00a7 5 TMG<\/p><p><strong>Vito<br \/><\/strong>Restaurant \u2013 Cafe \u2013 Bar<br \/>Familie G\u00fcler<br \/>Georgengasse 2<br \/>91541 Rothenburg ob der Tauber<\/p><p><strong>Represented by:<\/strong><br \/>Jiyan\u00a0G\u00fcler<\/p><p><strong>Contact:<\/strong><br \/>Phone: +49 (0) 9861 9764044<br \/>E-Mail: info@vito-rothenburg.de<\/p><p><strong>Internet:<\/strong><br \/>www.vito-rothenburg.de<\/p><p><strong>Umsatzsteuer-ID:<\/strong><br \/>In Bearbeitung<\/p><p><strong>Disclaimer:<\/strong><\/p><p><strong>Liability for content<\/strong><\/p><p>The contents of our pages have been created with the greatest care. However, we cannot assume any liability for the accuracy, completeness and topicality of the content. As a service provider, we are responsible for our own content on these pages in accordance with \u00a7 7 para. 1 TMG (German Telemedia Act) and general laws. According to \u00a7\u00a7 8 to 10 TMG, however, we as a service provider are not obliged to monitor transmitted or stored third-party information or to investigate circumstances that indicate illegal activity. Obligations to remove or block the use of information in accordance with general legislation remain unaffected by this. However, liability in this respect is only possible from the time of knowledge of a specific infringement. As soon as we become aware of such infringements, we will remove this content immediately.<\/p><p><strong>Liability for links<\/strong><\/p><p>Liability for linksOur website contains links to external third-party websites over whose content we have no influence. Therefore, we cannot accept any liability for this third-party content. The respective provider or operator of the pages is always responsible for the content of the linked pages. The linked pages were checked for possible legal violations at the time of linking. Illegal content was not recognizable at the time of linking. However, permanent monitoring of the content of the linked pages is not reasonable without concrete evidence of an infringement. If we become aware of any legal infringements, we will remove such links immediately.<\/p><p><strong>Copyright law<\/strong><\/p><p>The content and works created by the site operators on these pages are subject to German copyright law. Duplication, processing, distribution and any kind of exploitation outside the limits of copyright law require the written consent of the respective author or creator. Downloads and copies of this site are only permitted for private, non-commercial use. Insofar as the content on this site was not created by the operator, the copyrights of third parties are respected. In particular, third-party content is identified as such. Should you nevertheless become aware of a copyright infringement, please inform us accordingly. If we become aware of any infringements, we will remove such content immediately.<\/p><p>Website imprint created by\u00a0<a href=\"https:\/\/www.impressum-generator.de\/\">impressum-generator.de<\/a>\u00a0from the\u00a0<a href=\"https:\/\/www.kanzlei-hasselbach.de\/\">Kanzlei Hasselbach<\/a><\/p><p>Webdesign:\u00a0<a href=\"https:\/\/www.waahnsinnsgestaltungen.com\/\" target=\"_blank\" rel=\"noopener\">waahnsinnsgestaltungen.com<\/a><\/p>\t\t\t\t\t\t\t\t<\/div>\n\t\t\t\t<\/div>\n\t\t\t\t<div class=\"elementor-element elementor-element-27691b3 elementor-widget-divider--view-line elementor-widget elementor-widget-divider\" data-id=\"27691b3\" data-element_type=\"widget\" data-e-type=\"widget\" data-widget_type=\"divider.default\">\n\t\t\t\t<div class=\"elementor-widget-container\">\n\t\t\t\t\t\t\t<div class=\"elementor-divider\">\n\t\t\t<span class=\"elementor-divider-separator\">\n\t\t\t\t\t\t<\/span>\n\t\t<\/div>\n\t\t\t\t\t\t<\/div>\n\t\t\t\t<\/div>\n\t\t\t\t\t<\/div>\n\t\t\t\t<\/div>\n\t\t\t\t<\/div>","protected":false},"excerpt":{"rendered":"<p>Startseite Impressum Angaben gem\u00e4\u00df \u00a7 5 TMG VitoRestaurant \u2013 Cafe \u2013 BarFamilie G\u00fclerGeorgengasse 291541 Rothenburg ob der Tauber Vertreten durch:Jiyan\u00a0G\u00fcler Kontakt:Telefon: 09861 9764044E-Mail: info@vito-rothenburg.de Internet:www.vito-rothenburg.de Umsatzsteuer-ID:In Bearbeitung Haftungsausschluss: Haftung f\u00fcr Inhalte Die Inhalte unserer Seiten wurden mit gr\u00f6\u00dfter Sorgfalt erstellt. F\u00fcr die Richtigkeit, Vollst\u00e4ndigkeit und Aktualit\u00e4t der Inhalte k\u00f6nnen wir jedoch keine Gew\u00e4hr \u00fcbernehmen. Als [&hellip;]<\/p>\n","protected":false},"author":1,"featured_media":0,"parent":0,"menu_order":0,"comment_status":"closed","ping_status":"closed","template":"elementor_canvas","meta":{"footnotes":""},"class_list":["post-30","page","type-page","status-publish","hentry"],"yoast_head":"<!-- This site is optimized with the Yoast SEO plugin v27.5 - https:\/\/yoast.com\/product\/yoast-seo-wordpress\/ -->\n<title>Impressum - Vito | Pizzeria<\/title>\n<meta name=\"robots\" content=\"index, follow, max-snippet:-1, max-image-preview:large, max-video-preview:-1\" \/>\n<link rel=\"canonical\" href=\"https:\/\/www.vito-rothenburg.de\/english\/impressum\/\" \/>\n<meta property=\"og:locale\" content=\"en_GB\" \/>\n<meta property=\"og:type\" content=\"article\" \/>\n<meta property=\"og:title\" content=\"Impressum - Vito | Pizzeria\" \/>\n<meta property=\"og:description\" content=\"Startseite Impressum Angaben gem\u00e4\u00df \u00a7 5 TMG VitoRestaurant \u2013 Cafe \u2013 BarFamilie G\u00fclerGeorgengasse 291541 Rothenburg ob der Tauber Vertreten durch:Jiyan\u00a0G\u00fcler Kontakt:Telefon: 09861 9764044E-Mail: info@vito-rothenburg.de Internet:www.vito-rothenburg.de Umsatzsteuer-ID:In Bearbeitung Haftungsausschluss: Haftung f\u00fcr Inhalte Die Inhalte unserer Seiten wurden mit gr\u00f6\u00dfter Sorgfalt erstellt. F\u00fcr die Richtigkeit, Vollst\u00e4ndigkeit und Aktualit\u00e4t der Inhalte k\u00f6nnen wir jedoch keine Gew\u00e4hr \u00fcbernehmen. Als [&hellip;]\" \/>\n<meta property=\"og:url\" content=\"https:\/\/www.vito-rothenburg.de\/english\/impressum\/\" \/>\n<meta property=\"og:site_name\" content=\"Vito | Pizzeria\" \/>\n<meta property=\"article:modified_time\" content=\"2025-10-29T13:45:24+00:00\" \/>\n<meta name=\"twitter:card\" content=\"summary_large_image\" \/>\n<meta name=\"twitter:label1\" content=\"Estimated reading time\" \/>\n\t<meta name=\"twitter:data1\" content=\"3 minutes\" \/>\n<script type=\"application\/ld+json\" class=\"yoast-schema-graph\">{\"@context\":\"https:\\\/\\\/schema.org\",\"@graph\":[{\"@type\":\"WebPage\",\"@id\":\"https:\\\/\\\/www.vito-rothenburg.de\\\/impressum\\\/\",\"url\":\"https:\\\/\\\/www.vito-rothenburg.de\\\/impressum\\\/\",\"name\":\"Impressum - Vito | Pizzeria\",\"isPartOf\":{\"@id\":\"https:\\\/\\\/www.vito-rothenburg.de\\\/#website\"},\"datePublished\":\"2024-09-13T01:56:44+00:00\",\"dateModified\":\"2025-10-29T13:45:24+00:00\",\"breadcrumb\":{\"@id\":\"https:\\\/\\\/www.vito-rothenburg.de\\\/impressum\\\/#breadcrumb\"},\"inLanguage\":\"en-GB\",\"potentialAction\":[{\"@type\":\"ReadAction\",\"target\":[\"https:\\\/\\\/www.vito-rothenburg.de\\\/impressum\\\/\"]}]},{\"@type\":\"BreadcrumbList\",\"@id\":\"https:\\\/\\\/www.vito-rothenburg.de\\\/impressum\\\/#breadcrumb\",\"itemListElement\":[{\"@type\":\"ListItem\",\"position\":1,\"name\":\"Startseite\",\"item\":\"https:\\\/\\\/www.vito-rothenburg.de\\\/\"},{\"@type\":\"ListItem\",\"position\":2,\"name\":\"Impressum\"}]},{\"@type\":\"WebSite\",\"@id\":\"https:\\\/\\\/www.vito-rothenburg.de\\\/#website\",\"url\":\"https:\\\/\\\/www.vito-rothenburg.de\\\/\",\"name\":\"Vito | Pizzeria\",\"description\":\"Rothenburg ob der Tauber\",\"publisher\":{\"@id\":\"https:\\\/\\\/www.vito-rothenburg.de\\\/#organization\"},\"potentialAction\":[{\"@type\":\"SearchAction\",\"target\":{\"@type\":\"EntryPoint\",\"urlTemplate\":\"https:\\\/\\\/www.vito-rothenburg.de\\\/?s={search_term_string}\"},\"query-input\":{\"@type\":\"PropertyValueSpecification\",\"valueRequired\":true,\"valueName\":\"search_term_string\"}}],\"inLanguage\":\"en-GB\"},{\"@type\":\"Organization\",\"@id\":\"https:\\\/\\\/www.vito-rothenburg.de\\\/#organization\",\"name\":\"Vito | Pizzeria\",\"url\":\"https:\\\/\\\/www.vito-rothenburg.de\\\/\",\"logo\":{\"@type\":\"ImageObject\",\"inLanguage\":\"en-GB\",\"@id\":\"https:\\\/\\\/www.vito-rothenburg.de\\\/#\\\/schema\\\/logo\\\/image\\\/\",\"url\":\"https:\\\/\\\/www.vito-rothenburg.de\\\/wp-content\\\/uploads\\\/2024\\\/09\\\/Logo-Header_2.png\",\"contentUrl\":\"https:\\\/\\\/www.vito-rothenburg.de\\\/wp-content\\\/uploads\\\/2024\\\/09\\\/Logo-Header_2.png\",\"width\":126,\"height\":83,\"caption\":\"Vito | Pizzeria\"},\"image\":{\"@id\":\"https:\\\/\\\/www.vito-rothenburg.de\\\/#\\\/schema\\\/logo\\\/image\\\/\"}}]}<\/script>\n<!-- \/ Yoast SEO plugin. -->","yoast_head_json":{"title":"Impressum - Vito | Pizzeria","robots":{"index":"index","follow":"follow","max-snippet":"max-snippet:-1","max-image-preview":"max-image-preview:large","max-video-preview":"max-video-preview:-1"},"canonical":"https:\/\/www.vito-rothenburg.de\/english\/impressum\/","og_locale":"en_GB","og_type":"article","og_title":"Impressum - Vito | Pizzeria","og_description":"Startseite Impressum Angaben gem\u00e4\u00df \u00a7 5 TMG VitoRestaurant \u2013 Cafe \u2013 BarFamilie G\u00fclerGeorgengasse 291541 Rothenburg ob der Tauber Vertreten durch:Jiyan\u00a0G\u00fcler Kontakt:Telefon: 09861 9764044E-Mail: info@vito-rothenburg.de Internet:www.vito-rothenburg.de Umsatzsteuer-ID:In Bearbeitung Haftungsausschluss: Haftung f\u00fcr Inhalte Die Inhalte unserer Seiten wurden mit gr\u00f6\u00dfter Sorgfalt erstellt. F\u00fcr die Richtigkeit, Vollst\u00e4ndigkeit und Aktualit\u00e4t der Inhalte k\u00f6nnen wir jedoch keine Gew\u00e4hr \u00fcbernehmen. Als [&hellip;]","og_url":"https:\/\/www.vito-rothenburg.de\/english\/impressum\/","og_site_name":"Vito | Pizzeria","article_modified_time":"2025-10-29T13:45:24+00:00","twitter_card":"summary_large_image","twitter_misc":{"Estimated reading time":"3 minutes"},"schema":{"@context":"https:\/\/schema.org","@graph":[{"@type":"WebPage","@id":"https:\/\/www.vito-rothenburg.de\/impressum\/","url":"https:\/\/www.vito-rothenburg.de\/impressum\/","name":"Impressum - Vito | Pizzeria","isPartOf":{"@id":"https:\/\/www.vito-rothenburg.de\/#website"},"datePublished":"2024-09-13T01:56:44+00:00","dateModified":"2025-10-29T13:45:24+00:00","breadcrumb":{"@id":"https:\/\/www.vito-rothenburg.de\/impressum\/#breadcrumb"},"inLanguage":"en-GB","potentialAction":[{"@type":"ReadAction","target":["https:\/\/www.vito-rothenburg.de\/impressum\/"]}]},{"@type":"BreadcrumbList","@id":"https:\/\/www.vito-rothenburg.de\/impressum\/#breadcrumb","itemListElement":[{"@type":"ListItem","position":1,"name":"Startseite","item":"https:\/\/www.vito-rothenburg.de\/"},{"@type":"ListItem","position":2,"name":"Impressum"}]},{"@type":"WebSite","@id":"https:\/\/www.vito-rothenburg.de\/#website","url":"https:\/\/www.vito-rothenburg.de\/","name":"Vito | Pizzeria","description":"Rothenburg ob der Tauber","publisher":{"@id":"https:\/\/www.vito-rothenburg.de\/#organization"},"potentialAction":[{"@type":"SearchAction","target":{"@type":"EntryPoint","urlTemplate":"https:\/\/www.vito-rothenburg.de\/?s={search_term_string}"},"query-input":{"@type":"PropertyValueSpecification","valueRequired":true,"valueName":"search_term_string"}}],"inLanguage":"en-GB"},{"@type":"Organization","@id":"https:\/\/www.vito-rothenburg.de\/#organization","name":"Vito | Pizzeria","url":"https:\/\/www.vito-rothenburg.de\/","logo":{"@type":"ImageObject","inLanguage":"en-GB","@id":"https:\/\/www.vito-rothenburg.de\/#\/schema\/logo\/image\/","url":"https:\/\/www.vito-rothenburg.de\/wp-content\/uploads\/2024\/09\/Logo-Header_2.png","contentUrl":"https:\/\/www.vito-rothenburg.de\/wp-content\/uploads\/2024\/09\/Logo-Header_2.png","width":126,"height":83,"caption":"Vito | Pizzeria"},"image":{"@id":"https:\/\/www.vito-rothenburg.de\/#\/schema\/logo\/image\/"}}]}},"_links":{"self":[{"href":"https:\/\/www.vito-rothenburg.de\/english\/wp-json\/wp\/v2\/pages\/30","targetHints":{"allow":["GET"]}}],"collection":[{"href":"https:\/\/www.vito-rothenburg.de\/english\/wp-json\/wp\/v2\/pages"}],"about":[{"href":"https:\/\/www.vito-rothenburg.de\/english\/wp-json\/wp\/v2\/types\/page"}],"author":[{"embeddable":true,"href":"https:\/\/www.vito-rothenburg.de\/english\/wp-json\/wp\/v2\/users\/1"}],"replies":[{"embeddable":true,"href":"https:\/\/www.vito-rothenburg.de\/english\/wp-json\/wp\/v2\/comments?post=30"}],"version-history":[{"count":0,"href":"https:\/\/www.vito-rothenburg.de\/english\/wp-json\/wp\/v2\/pages\/30\/revisions"}],"wp:attachment":[{"href":"https:\/\/www.vito-rothenburg.de\/english\/wp-json\/wp\/v2\/media?parent=30"}],"curies":[{"name":"wp","href":"https:\/\/api.w.org\/{rel}","templated":true}]}}